{"id":182,"date":"2023-02-07T15:14:20","date_gmt":"2023-02-07T14:14:20","guid":{"rendered":"https:\/\/boots-erfahrungen.org\/?page_id=182"},"modified":"2023-03-12T17:06:38","modified_gmt":"2023-03-12T16:06:38","slug":"bootsleben","status":"publish","type":"page","link":"https:\/\/boots-erfahrungen.org\/?page_id=182","title":{"rendered":"Bootsleben"},"content":{"rendered":"\n\n\n\n<p>Das Bootsleben ist spannend. Und meine gro\u00dfe Leidenschaft.<br><a name=\"block-e678be76-eadc-4269-82ba-60b7ab49d259\"><\/a>Voller Emotionen, Eindr\u00fccke, unvergessliche Momente.<\/p>\n\n\n\n<p>Und jeder Menge Arbeit.<\/p>\n\n\n\n<p>Restaurationen, Wartungen, genaue Inspektionen, um m\u00f6gliche Gefahren fr\u00fchzeitig zu erkennen und zu beseitigen.<br>All das geh\u00f6rt ebenso zu einem Leben auf dem Wasser dazu.<\/p>\n\n\n\n<p>Unvergessliche Sonnenauf- und -Unterg\u00e4nge. <br>Kaffee, der nirgends besser schmeckt als auf dem Wasser.<br>Aber auch kalte N\u00e4chte in der klammen Vorkoje, Seegang, der einem Balanceakt gleicht, schlagende Fallen, knarzende Fender.<\/p>\n\n\n\n<p><a name=\"block-6412e20d-a2e5-4822-bfa0-555594e83a29\"><\/a>\u00dcber Touren auf dem Wasser schreibe ich, produziere H\u00f6rb\u00fccher und Podcasts.<br>Genau wie \u00fcber Restaurationen und deren Herausforderungen.<\/p>\n\n\n\n<p><a name=\"block-19bb079e-c45f-4cf7-b7a4-f10737dd4307\"><\/a>Wenn Sie mehr \u00fcber mich erfahren oder mich vielleicht sogar unterst\u00fctzen wollen, dann schauen Sie doch in mein <a href=\"https:\/\/amzn.to\/4283wwE\" target=\"_blank\" rel=\"noopener\">Buch<\/a> rein, h\u00f6ren Sie sich meinen regelm\u00e4\u00dfigen Podcast an, <br>und \/ oder folgen Sie mir auf Instagram und Facebook.<\/p>\n\n\n\n<p><a name=\"block-e0168121-f4e5-486a-b0f4-682bd306b4db\"><\/a>Oder schauen Sie auf meiner <a href=\"https:\/\/www.patreon.com\/user?u=78090916\" target=\"_blank\" rel=\"noopener\">Patreon-Seite<\/a> vorbei. <br><br>Zu Patreon: <a href=\"https:\/\/www.patreon.com\/user?u=78090916\" target=\"_blank\" rel=\"noopener\">https:\/\/www.patreon.com\/user?u=78090916<\/a><\/p>\n\n\n\n<p>Zum Buch: <a href=\"https:\/\/amzn.to\/4283wwE\" target=\"_blank\" rel=\"noopener\">https:\/\/amzn.to\/4283wwE<\/a><br>Als Amazon-Partner verdiene ich an qualifizierten Verk\u00e4ufen.<\/p>\n","protected":false},"excerpt":{"rendered":"<p>Das Bootsleben ist spannend. Und meine gro\u00dfe Leidenschaft.Voller Emotionen, Eindr\u00fccke, unvergessliche Momente. Und jeder Menge Arbeit. Restaurationen, Wartungen, genaue Inspektionen, um m\u00f6gliche Gefahren fr\u00fchzeitig zu erkennen und zu beseitigen.All das geh\u00f6rt ebenso zu einem Leben auf dem Wasser dazu. Unvergessliche Sonnenauf- und -Unterg\u00e4nge. Kaffee, der nirgends besser schmeckt als auf dem Wasser.Aber auch kalte N\u00e4chte [&hellip;]<\/p>\n","protected":false},"author":1,"featured_media":0,"parent":0,"menu_order":0,"comment_status":"closed","ping_status":"closed","template":"","meta":{"footnotes":""},"class_list":["post-182","page","type-page","status-publish","hentry","post"],"_links":{"self":[{"href":"https:\/\/boots-erfahrungen.org\/index.php?rest_route=\/wp\/v2\/pages\/182","targetHints":{"allow":["GET"]}}],"collection":[{"href":"https:\/\/boots-erfahrungen.org\/index.php?rest_route=\/wp\/v2\/pages"}],"about":[{"href":"https:\/\/boots-erfahrungen.org\/index.php?rest_route=\/wp\/v2\/types\/page"}],"author":[{"embeddable":true,"href":"https:\/\/boots-erfahrungen.org\/index.php?rest_route=\/wp\/v2\/users\/1"}],"replies":[{"embeddable":true,"href":"https:\/\/boots-erfahrungen.org\/index.php?rest_route=%2Fwp%2Fv2%2Fcomments&post=182"}],"version-history":[{"count":14,"href":"https:\/\/boots-erfahrungen.org\/index.php?rest_route=\/wp\/v2\/pages\/182\/revisions"}],"predecessor-version":[{"id":235,"href":"https:\/\/boots-erfahrungen.org\/index.php?rest_route=\/wp\/v2\/pages\/182\/revisions\/235"}],"wp:attachment":[{"href":"https:\/\/boots-erfahrungen.org\/index.php?rest_route=%2Fwp%2Fv2%2Fmedia&parent=182"}],"curies":[{"name":"wp","href":"https:\/\/api.w.org\/{rel}","templated":true}]}}