{"id":68,"date":"2022-09-22T23:07:29","date_gmt":"2022-09-22T21:07:29","guid":{"rendered":"http:\/\/boots-erfahrungen.org\/?page_id=68"},"modified":"2023-02-16T14:28:21","modified_gmt":"2023-02-16T13:28:21","slug":"__trashed","status":"publish","type":"page","link":"https:\/\/boots-erfahrungen.org\/?page_id=68","title":{"rendered":"Wi-Hio"},"content":{"rendered":"\n\n\n\n<p>Zu&nbsp; jedem guten Boot geh\u00f6rt eine gute Geschichte.<br>Und Wi-Hio, benannt nach einer legend\u00e4ren Figur aus alten Cheyenne-Geschichten, hat eine Menge davon zu erz\u00e4hlen.<br>Sturmerprobt bahnt er sich den Weg durch die Meere. <br>Immer auf der Suche nach neuer Inspiration und Abenteuern.<\/p>\n\n\n\n<p>Wi-Hio ist ein Boot aus der Feder von Designer Alan Hill.<br>Baujahr 1975, Typ Marcon Tomahawk 25, 7,70 m lang, 2,58 m breit, Kimmkieler mit 90 Zentimetern Tiefgang und mit rund 44 Prozent Ballastanteil ein \u00e4u\u00dferst starkes, sicheres und seeg\u00e4ngiges Schiff.<\/p>\n","protected":false},"excerpt":{"rendered":"<p>Zu&nbsp; jedem guten Boot geh\u00f6rt eine gute Geschichte.Und Wi-Hio, benannt nach einer legend\u00e4ren Figur aus alten Cheyenne-Geschichten, hat eine Menge davon zu erz\u00e4hlen.Sturmerprobt bahnt er sich den Weg durch die Meere. Immer auf der Suche nach neuer Inspiration und Abenteuern. Wi-Hio ist ein Boot aus der Feder von Designer Alan Hill.Baujahr 1975, Typ Marcon Tomahawk [&hellip;]<\/p>\n","protected":false},"author":1,"featured_media":111,"parent":0,"menu_order":0,"comment_status":"closed","ping_status":"closed","template":"","meta":{"footnotes":""},"class_list":["post-68","page","type-page","status-publish","has-post-thumbnail","hentry","post","post-with-thumbnail","post-with-thumbnail-icon"],"_links":{"self":[{"href":"https:\/\/boots-erfahrungen.org\/index.php?rest_route=\/wp\/v2\/pages\/68","targetHints":{"allow":["GET"]}}],"collection":[{"href":"https:\/\/boots-erfahrungen.org\/index.php?rest_route=\/wp\/v2\/pages"}],"about":[{"href":"https:\/\/boots-erfahrungen.org\/index.php?rest_route=\/wp\/v2\/types\/page"}],"author":[{"embeddable":true,"href":"https:\/\/boots-erfahrungen.org\/index.php?rest_route=\/wp\/v2\/users\/1"}],"replies":[{"embeddable":true,"href":"https:\/\/boots-erfahrungen.org\/index.php?rest_route=%2Fwp%2Fv2%2Fcomments&post=68"}],"version-history":[{"count":7,"href":"https:\/\/boots-erfahrungen.org\/index.php?rest_route=\/wp\/v2\/pages\/68\/revisions"}],"predecessor-version":[{"id":200,"href":"https:\/\/boots-erfahrungen.org\/index.php?rest_route=\/wp\/v2\/pages\/68\/revisions\/200"}],"wp:featuredmedia":[{"embeddable":true,"href":"https:\/\/boots-erfahrungen.org\/index.php?rest_route=\/wp\/v2\/media\/111"}],"wp:attachment":[{"href":"https:\/\/boots-erfahrungen.org\/index.php?rest_route=%2Fwp%2Fv2%2Fmedia&parent=68"}],"curies":[{"name":"wp","href":"https:\/\/api.w.org\/{rel}","templated":true}]}}