{"id":85,"date":"2022-09-25T16:19:48","date_gmt":"2022-09-25T14:19:48","guid":{"rendered":"http:\/\/boots-erfahrungen.org\/?page_id=85"},"modified":"2022-11-04T17:29:15","modified_gmt":"2022-11-04T16:29:15","slug":"presseartikel","status":"publish","type":"page","link":"https:\/\/boots-erfahrungen.org\/?page_id=85","title":{"rendered":"Presseartikel"},"content":{"rendered":"\n\n\n\n<p class=\"has-small-font-size\"><br>Hier finden Sie einen Ausschnitt \u00fcber die Ver\u00f6ffentlichung \u00fcber meine Arbeit in Radio und Zeitungen:<br><strong><br>Was zum lesen:<\/strong><br><a href=\"https:\/\/www.rundschau-online.de\/region\/kreis-euskirchen\/segler-aus-euskirchen-der-junge-mann-und-das-meer-2783966\" target=\"_blank\" rel=\"noopener\">https:\/\/www.rundschau-online.de\/region\/kreis-euskirchen\/segler-aus-euskirchen-der-junge-mann-und-das-meer-2783966<\/a><br><strong><br>Was zum h\u00f6ren:<\/strong><br><a href=\"https:\/\/medienwerkstatt-bonn.podigee.io\/635-ein-traum-zum-anpacken-und-ein-abenteuer-trip\" target=\"_blank\" rel=\"noopener\">https:\/\/medienwerkstatt-bonn.podigee.io\/635-ein-traum-zum-anpacken-und-ein-abenteuer-trip<\/a><br><a href=\"https:\/\/medienwerkstattbonn.de\/2014\/06\/22\/649-der-traum-geht-weiter-ein-bonner-mit-boot\/\" target=\"_blank\" rel=\"noopener\">https:\/\/medienwerkstattbonn.de\/2014\/06\/22\/649-der-traum-geht-weiter-ein-bonner-mit-boot\/<\/a><br><a href=\"https:\/\/medienwerkstattbonn.de\/2019\/10\/18\/1093-segelabenteuer-und-selbsterfahrung\/\" target=\"_blank\" rel=\"noopener\">https:\/\/medienwerkstattbonn.de\/2019\/10\/18\/1093-segelabenteuer-und-selbsterfahrung\/<\/a><br><strong><br>Was zum schauen und h\u00f6ren:<\/strong><br><a href=\"https:\/\/www.youtube.com\/watch?v=xxGlavjEzmU\" target=\"_blank\" rel=\"noopener\">https:\/\/www.youtube.com\/watch?v=xxGlavjEzmU<\/a><br><a href=\"https:\/\/www.youtube.com\/watch?v=A2OoG4LgzDE\" target=\"_blank\" rel=\"noopener\">https:\/\/www.youtube.com\/watch?v=A2OoG4LgzDE<\/a><\/p>\n","protected":false},"excerpt":{"rendered":"<p>Hier finden Sie einen Ausschnitt \u00fcber die Ver\u00f6ffentlichung \u00fcber meine Arbeit in Radio und Zeitungen:Was zum lesen:https:\/\/www.rundschau-online.de\/region\/kreis-euskirchen\/segler-aus-euskirchen-der-junge-mann-und-das-meer-2783966Was zum h\u00f6ren:https:\/\/medienwerkstatt-bonn.podigee.io\/635-ein-traum-zum-anpacken-und-ein-abenteuer-triphttps:\/\/medienwerkstattbonn.de\/2014\/06\/22\/649-der-traum-geht-weiter-ein-bonner-mit-boot\/https:\/\/medienwerkstattbonn.de\/2019\/10\/18\/1093-segelabenteuer-und-selbsterfahrung\/Was zum schauen und h\u00f6ren:https:\/\/www.youtube.com\/watch?v=xxGlavjEzmUhttps:\/\/www.youtube.com\/watch?v=A2OoG4LgzDE<\/p>\n","protected":false},"author":1,"featured_media":0,"parent":0,"menu_order":0,"comment_status":"closed","ping_status":"closed","template":"","meta":{"footnotes":""},"class_list":["post-85","page","type-page","status-publish","hentry","post"],"_links":{"self":[{"href":"https:\/\/boots-erfahrungen.org\/index.php?rest_route=\/wp\/v2\/pages\/85","targetHints":{"allow":["GET"]}}],"collection":[{"href":"https:\/\/boots-erfahrungen.org\/index.php?rest_route=\/wp\/v2\/pages"}],"about":[{"href":"https:\/\/boots-erfahrungen.org\/index.php?rest_route=\/wp\/v2\/types\/page"}],"author":[{"embeddable":true,"href":"https:\/\/boots-erfahrungen.org\/index.php?rest_route=\/wp\/v2\/users\/1"}],"replies":[{"embeddable":true,"href":"https:\/\/boots-erfahrungen.org\/index.php?rest_route=%2Fwp%2Fv2%2Fcomments&post=85"}],"version-history":[{"count":10,"href":"https:\/\/boots-erfahrungen.org\/index.php?rest_route=\/wp\/v2\/pages\/85\/revisions"}],"predecessor-version":[{"id":141,"href":"https:\/\/boots-erfahrungen.org\/index.php?rest_route=\/wp\/v2\/pages\/85\/revisions\/141"}],"wp:attachment":[{"href":"https:\/\/boots-erfahrungen.org\/index.php?rest_route=%2Fwp%2Fv2%2Fmedia&parent=85"}],"curies":[{"name":"wp","href":"https:\/\/api.w.org\/{rel}","templated":true}]}}